{"id":7856,"date":"2022-04-05T13:54:45","date_gmt":"2022-04-05T13:54:45","guid":{"rendered":"https:\/\/canmarlet.com\/contacte\/"},"modified":"2023-12-04T17:58:25","modified_gmt":"2023-12-04T17:58:25","slug":"contacte","status":"publish","type":"page","link":"https:\/\/canmarlet.com\/ca\/contacte\/","title":{"rendered":"Contacte"},"content":{"rendered":"\t\t<div data-elementor-type=\"wp-page\" data-elementor-id=\"7856\" class=\"elementor elementor-7856 elementor-4892\">\n\t\t\t\t\t\t<section class=\"elementor-section elementor-top-section elementor-element elementor-element-52fd65fb pt-section-content-fullwidth elementor-section-full_width elementor-section-height-default elementor-section-height-default\" data-id=\"52fd65fb\" data-element_type=\"section\" data-settings=\"{&quot;background_background&quot;:&quot;classic&quot;}\">\n\t\t\t\t\t\t<div class=\"elementor-container elementor-column-gap-no\">\n\t\t\t\t\t<div class=\"elementor-column elementor-col-50 elementor-top-column elementor-element elementor-element-181a9750\" data-id=\"181a9750\" data-element_type=\"column\">\n\t\t\t<div class=\"elementor-widget-wrap elementor-element-populated\">\n\t\t\t\t\t\t<div class=\"elementor-element elementor-element-18c882a6 elementor-widget elementor-widget-pt_title\" data-id=\"18c882a6\" data-element_type=\"widget\" data-widget_type=\"pt_title.default\">\n\t\t\t\t<div class=\"elementor-widget-container\">\n\t\t\t\t\t\n        <div class=\"pt-title-wrap\">\t            <div class=\"pt-subtitle-wrap\"><span class=\"pt-subtitle\">Informaci\u00f3 Can Marlet<\/span><\/div>\t            <h5 class=\"pt-title\">\n\t                Contacte\t            <\/h5>\t            <div class=\"pt-title-text\">\n\t                <p>Estem a la vostra disposici\u00f3 per a qualsevol consulta sense cap comprom\u00eds. Si ho desitges pots utilitzar el formulari i et respondrem el m\u00e9s aviat possible.<\/p><p>Tel: 902 810 075 &#8211; 689 02 75 49<\/p><p>Can Marlet &#8211; Montseny<\/p><p>Crta. de Breda a Riells, km. 6 ( Per Breda ) Riells<\/p><p><a href=\"mailto:info@canmarlet.com\">info@canmarlet.com<\/a><\/p>\t            <\/div>        <\/div>\t\t\t\t<\/div>\n\t\t\t\t<\/div>\n\t\t\t\t\t<\/div>\n\t\t<\/div>\n\t\t\t\t<div class=\"elementor-column elementor-col-50 elementor-top-column elementor-element elementor-element-e874b05\" data-id=\"e874b05\" data-element_type=\"column\">\n\t\t\t<div class=\"elementor-widget-wrap elementor-element-populated\">\n\t\t\t\t\t\t<div class=\"elementor-element elementor-element-1f20a084 elementor-widget elementor-widget-pt_form_cf7\" data-id=\"1f20a084\" data-element_type=\"widget\" data-widget_type=\"pt_form_cf7.default\">\n\t\t\t\t<div class=\"elementor-widget-container\">\n\t\t\t\t\t            <div class=\"pt-form-cf7 placeholder-normal\">\n                <div class=\"pt-form-cf7-wrap\">\n<div class=\"wpcf7 no-js\" id=\"wpcf7-f7885-o1\" lang=\"ca\" dir=\"ltr\" data-wpcf7-id=\"7885\">\n<div class=\"screen-reader-response\"><p role=\"status\" aria-live=\"polite\" aria-atomic=\"true\"><\/p> <ul><\/ul><\/div>\n<form action=\"\/ca\/wp-json\/wp\/v2\/pages\/7856#wpcf7-f7885-o1\" method=\"post\" class=\"wpcf7-form init\" aria-label=\"Formulari de contacte\" novalidate=\"novalidate\" data-status=\"init\">\n<div style=\"display: none;\">\n<input type=\"hidden\" name=\"_wpcf7\" value=\"7885\" \/>\n<input type=\"hidden\" name=\"_wpcf7_version\" value=\"6.0.5\" \/>\n<input type=\"hidden\" name=\"_wpcf7_locale\" value=\"ca\" \/>\n<input type=\"hidden\" name=\"_wpcf7_unit_tag\" value=\"wpcf7-f7885-o1\" \/>\n<input type=\"hidden\" name=\"_wpcf7_container_post\" value=\"0\" \/>\n<input type=\"hidden\" name=\"_wpcf7_posted_data_hash\" value=\"\" \/>\n<input type=\"hidden\" name=\"_wpcf7_recaptcha_response\" value=\"\" \/>\n<\/div>\n<div class=\"row\">\n\t<div class=\"col-1-2\">\n\t\t<p><label> Nom<br \/>\n<span class=\"wpcf7-form-control-wrap\" data-name=\"your-name\"><input size=\"40\" maxlength=\"400\" class=\"wpcf7-form-control wpcf7-text wpcf7-validates-as-required\" aria-required=\"true\" aria-invalid=\"false\" value=\"\" type=\"text\" name=\"your-name\" \/><\/span> <\/label>\n\t\t<\/p>\n\t<\/div>\n\t<div class=\"col-1-2\">\n\t\t<p><label> Email<br \/>\n<span class=\"wpcf7-form-control-wrap\" data-name=\"your-email\"><input size=\"40\" maxlength=\"400\" class=\"wpcf7-form-control wpcf7-email wpcf7-validates-as-required wpcf7-text wpcf7-validates-as-email\" aria-required=\"true\" aria-invalid=\"false\" value=\"\" type=\"email\" name=\"your-email\" \/><\/span> <\/label>\n\t\t<\/p>\n\t<\/div>\n<\/div>\n<div class=\"row\">\n\t<div class=\"col-1-2\">\n\t\t<p><label> Tel\u00e8fon<br \/>\n<span class=\"wpcf7-form-control-wrap\" data-name=\"telefono\"><input size=\"40\" maxlength=\"400\" class=\"wpcf7-form-control wpcf7-tel wpcf7-validates-as-required wpcf7-text wpcf7-validates-as-tel\" aria-required=\"true\" aria-invalid=\"false\" value=\"\" type=\"tel\" name=\"telefono\" \/><\/span> <\/label>\n\t\t<\/p>\n\t<\/div>\n\t<div class=\"col-1-2\">\n\t\t<p><label> Poblaci\u00f3<br \/>\n<span class=\"wpcf7-form-control-wrap\" data-name=\"poblacion\"><input size=\"40\" maxlength=\"400\" class=\"wpcf7-form-control wpcf7-text wpcf7-validates-as-required\" aria-required=\"true\" aria-invalid=\"false\" value=\"\" type=\"text\" name=\"poblacion\" \/><\/span> <\/label>\n\t\t<\/p>\n\t<\/div>\n<\/div>\n<div class=\"row\">\n\t<div class=\"col-1-2\">\n\t\t<p><label> Convidats aproximats<br \/>\n<span class=\"wpcf7-form-control-wrap\" data-name=\"invitados\"><input class=\"wpcf7-form-control wpcf7-number wpcf7-validates-as-required wpcf7-validates-as-number\" aria-required=\"true\" aria-invalid=\"false\" value=\"\" type=\"number\" name=\"invitados\" \/><\/span><\/label>\n\t\t<\/p>\n\t<\/div>\n\t<div class=\"col-1-2\">\n\t\t<p><label> Data del casament aproximat<br \/>\n<span class=\"wpcf7-form-control-wrap\" data-name=\"fecha\"><input size=\"40\" maxlength=\"400\" class=\"wpcf7-form-control wpcf7-text wpcf7-validates-as-required\" aria-required=\"true\" aria-invalid=\"false\" value=\"\" type=\"text\" name=\"fecha\" \/><\/span><\/label>\n\t\t<\/p>\n\t<\/div>\n<\/div>\n<p><label> Assumpte<br \/>\n<span class=\"wpcf7-form-control-wrap\" data-name=\"your-subject\"><input size=\"40\" maxlength=\"400\" class=\"wpcf7-form-control wpcf7-text wpcf7-validates-as-required\" aria-required=\"true\" aria-invalid=\"false\" value=\"\" type=\"text\" name=\"your-subject\" \/><\/span> <\/label>\n<\/p>\n<p><label> Comentari (opcional)<br \/>\n<span class=\"wpcf7-form-control-wrap\" data-name=\"your-message\"><textarea cols=\"40\" rows=\"10\" maxlength=\"2000\" class=\"wpcf7-form-control wpcf7-textarea\" aria-invalid=\"false\" name=\"your-message\"><\/textarea><\/span> <\/label>\n<\/p>\n<p><input class=\"wpcf7-form-control wpcf7-submit has-spinner\" type=\"submit\" value=\"Enviar\" \/>\n<\/p><div class=\"wpcf7-response-output\" aria-hidden=\"true\"><\/div>\n<\/form>\n<\/div>\n<\/div>\n            <\/div>\t\t\t\t<\/div>\n\t\t\t\t<\/div>\n\t\t\t\t\t<\/div>\n\t\t<\/div>\n\t\t\t\t\t<\/div>\n\t\t<\/section>\n\t\t\t\t<section class=\"elementor-section elementor-top-section elementor-element elementor-element-3036b8b0 elementor-section-full_width elementor-section-height-default elementor-section-height-default\" data-id=\"3036b8b0\" data-element_type=\"section\">\n\t\t\t\t\t\t<div class=\"elementor-container elementor-column-gap-default\">\n\t\t\t\t\t<div class=\"elementor-column elementor-col-50 elementor-top-column elementor-element elementor-element-7b6a5f1a\" data-id=\"7b6a5f1a\" data-element_type=\"column\" data-settings=\"{&quot;background_background&quot;:&quot;classic&quot;}\">\n\t\t\t<div class=\"elementor-widget-wrap elementor-element-populated\">\n\t\t\t\t\t\t<section class=\"elementor-section elementor-inner-section elementor-element elementor-element-713f53c9 elementor-section-boxed elementor-section-height-default elementor-section-height-default\" data-id=\"713f53c9\" data-element_type=\"section\">\n\t\t\t\t\t\t<div class=\"elementor-container elementor-column-gap-no\">\n\t\t\t\t\t<div class=\"elementor-column elementor-col-100 elementor-inner-column elementor-element elementor-element-78b6d13d\" data-id=\"78b6d13d\" data-element_type=\"column\">\n\t\t\t<div class=\"elementor-widget-wrap elementor-element-populated\">\n\t\t\t\t\t\t<div class=\"elementor-element elementor-element-3c9a13f elementor-widget elementor-widget-pt_title\" data-id=\"3c9a13f\" data-element_type=\"widget\" data-widget_type=\"pt_title.default\">\n\t\t\t\t<div class=\"elementor-widget-container\">\n\t\t\t\t\t\n        <div class=\"pt-title-wrap\">\t            <h3 class=\"pt-title\">\n\t                Visita'ns a can marlet\t            <\/h3>\t            <div class=\"pt-title-text\">\n\t                <p>Carretera Breda a, Carrer de Riells, Km. 6, 08476 Riells i Viabrea, Barcelona<\/p>\t            <\/div>        <\/div>\t\t\t\t<\/div>\n\t\t\t\t<\/div>\n\t\t\t\t\t<\/div>\n\t\t<\/div>\n\t\t\t\t\t<\/div>\n\t\t<\/section>\n\t\t\t\t\t<\/div>\n\t\t<\/div>\n\t\t\t\t<div class=\"elementor-column elementor-col-50 elementor-top-column elementor-element elementor-element-672090f6\" data-id=\"672090f6\" data-element_type=\"column\" data-settings=\"{&quot;background_background&quot;:&quot;classic&quot;}\">\n\t\t\t<div class=\"elementor-widget-wrap elementor-element-populated\">\n\t\t\t\t\t\t<div class=\"elementor-element elementor-element-7652ab4 elementor-widget elementor-widget-google_maps\" data-id=\"7652ab4\" data-element_type=\"widget\" data-widget_type=\"google_maps.default\">\n\t\t\t\t<div class=\"elementor-widget-container\">\n\t\t\t\t\t\t\t<div class=\"elementor-custom-embed\">\n\t\t\t<iframe loading=\"lazy\"\n\t\t\t\t\tsrc=\"https:\/\/maps.google.com\/maps?q=can%20marlet&#038;t=m&#038;z=10&#038;output=embed&#038;iwloc=near\"\n\t\t\t\t\ttitle=\"can marlet\"\n\t\t\t\t\taria-label=\"can marlet\"\n\t\t\t><\/iframe>\n\t\t<\/div>\n\t\t\t\t\t\t<\/div>\n\t\t\t\t<\/div>\n\t\t\t\t\t<\/div>\n\t\t<\/div>\n\t\t\t\t\t<\/div>\n\t\t<\/section>\n\t\t<div class=\"elementor-element elementor-element-229fe66 e-flex e-con-boxed e-con e-parent\" data-id=\"229fe66\" data-element_type=\"container\">\n\t\t\t\t\t<div class=\"e-con-inner\">\n\t\t\t\t<div class=\"elementor-element elementor-element-2c8b784 elementor-widget elementor-widget-text-editor\" data-id=\"2c8b784\" data-element_type=\"widget\" data-widget_type=\"text-editor.default\">\n\t\t\t\t<div class=\"elementor-widget-container\">\n\t\t\t\t\t\t\t\t\t<h6>De conformitat amb el que estableix la normativa vigent en Protecci\u00f3 de Dades de Car\u00e0cter Personal, us informem que les vostres dades seran incorporades al sistema de tractament titularitat de HOSTAL MARLET SC amb CIF J17323288 i domicili social situat a CTRA. BREDA-RIELLS KM. N\u00ba 6 17404, RIELLS (MUNICIPI) (GIRONA), amb la finalitat d&#8217;atendre les vostres consultes i remetre-li informaci\u00f3 relacionada que pugui ser del vostre inter\u00e8s. En compliment de la normativa vigent, HOSTAL MARLET SC informa que les dades seran conservades durant el termini estrictament necessari per complir els preceptes esmentats anteriorment.<br \/>Mentre no ens comuniqueu el contrari, entendrem que les vostres dades no han estat modificades, que vost\u00e8 es compromet a notificar-nos qualsevol variaci\u00f3 i que tenim el seu consentiment per utilitzar-les per a les finalitats esmentades.<br \/>HOSTAL MARLET SC informa que procedir\u00e0 a tractar les dades de manera l\u00edcita, lleial, transparent, adequada, pertinent, limitada, exacta i actualitzada. \u00c9s per aix\u00f2 que HOSTAL MARLET SC es compromet a adoptar totes les mesures raonables perqu\u00e8 aquests se suprimeixin o rectifiquin sense dilaci\u00f3 quan siguin inexactes.<br \/>D&#8217;acord amb els drets que us confereix la normativa vigent en protecci\u00f3 de dades podreu exercir els drets d&#8217;acc\u00e9s, rectificaci\u00f3, limitaci\u00f3 de tractament, supressi\u00f3, portabilitat i oposici\u00f3 al tractament de les vostres dades de car\u00e0cter personal aix\u00ed com del consentiment prestat per al tractament. d&#8217;aquests, dirigint la vostra petici\u00f3 a l&#8217;adre\u00e7a postal indicada m\u00e9s amunt o al correu electr\u00f2nic  <span id=\"cloak3ffd01fca63d038b0212a45e7299155b\"><a href=\"mailto:info@canmarlet.com\">info@canmarlet.com<\/a><\/span><br \/>Alhora, us informem que podeu contactar amb el Delegat de Protecci\u00f3 de Dades d&#8217;HOSTAL MARLET SC, adre\u00e7ant-vos per escrit a l&#8217;adre\u00e7a de correu <span id=\"cloakdefc0047cfb7c9f7f45ef8c82d544da8\"><a href=\"mailto:dpo.cliente@conversia.es\">dpo.cliente@conversia.es<\/a><\/span> o al tel\u00e8fon 902877192.<br \/>Podr\u00e0 adre\u00e7ar-se a lAutoritat de Control competent per presentar la reclamaci\u00f3 que consideri oportuna.<br \/>Amb enviament del formulari de recollida de dades vost\u00e8 accepta la pol\u00edtica de privadesa de HOSTAL MARLET SC.<\/h6>\n\t\t\t\t\t\t\t\t<\/div>\n\t\t\t\t<\/div>\n\t\t\t\t\t<\/div>\n\t\t\t\t<\/div>\n\t\t\t\t<\/div>\n\t\t","protected":false},"excerpt":{"rendered":"<p>Informaci\u00f3 Can Marlet Contacte Estem a la vostra disposici\u00f3 per a qualsevol consulta sense cap comprom\u00eds. Si ho desitges pots utilitzar el formulari i et respondrem el m\u00e9s aviat possible. Tel: 902 810 075 &#8211; 689 02 75 49 Can Marlet &#8211; Montseny Crta. de Breda a Riells, km. 6 ( Per Breda ) Riells &#8230;<\/p>\n","protected":false},"author":2,"featured_media":7782,"parent":0,"menu_order":0,"comment_status":"closed","ping_status":"closed","template":"template-wide-content.php","meta":{"patiotime_single_page_hide_site_header":"","patiotime_single_page_site_header_source":"","patiotime_single_page_custom_site_header":"0","patiotime_single_page_custom_sticky_site_header":"0","patiotime_single_page_hide_page_title":"","patiotime_single_page_header_section_size":"","patiotime_single_page_header_background_color":"","patiotime_single_page_header_background_position_x":"center","patiotime_single_page_header_background_position_y":"center","patiotime_single_page_header_background_size":"cover","patiotime_single_page_header_background_repeat":"off","patiotime_single_page_header_background_scroll":"on","patiotime_single_page_header_text_color":"","patiotime_single_page_header_show_breadcrumb":"","patiotime_single_page_site_footer_hide_main":"","patiotime_single_custom_site_footer_main_source":"","patiotime_single_custom_site_footer_main":"0","patiotime_single_page_site_footer_hide_above":"","patiotime_single_custom_site_footer_above_source":"","patiotime_single_custom_site_footer_above":"0","patiotime_single_page_site_footer_hide_instagram":"","patiotime_single_page_site_footer_hide_bottom":"","patiotime_single_custom_mobile_menu_source":"","patiotime_single_custom_mobile_menu":"0","patiotime_single_custom_mobile_menu_animation":"","patiotime_single_custom_mobile_menu_width":"","patiotime_single_custom_mobile_menu_custom_width":375,"_joinchat":[],"footnotes":""},"class_list":["post-7856","page","type-page","status-publish","has-post-thumbnail","hentry"],"yoast_head":"<!-- This site is optimized with the Yoast SEO plugin v24.6 - https:\/\/yoast.com\/wordpress\/plugins\/seo\/ -->\n<title>Contacte - Can Marlet<\/title>\n<meta name=\"robots\" content=\"index, follow, max-snippet:-1, max-image-preview:large, max-video-preview:-1\" \/>\n<link rel=\"canonical\" href=\"https:\/\/canmarlet.com\/ca\/contacte\/\" \/>\n<meta property=\"og:locale\" content=\"ca_ES\" \/>\n<meta property=\"og:type\" content=\"article\" \/>\n<meta property=\"og:title\" content=\"Contacte - Can Marlet\" \/>\n<meta property=\"og:description\" content=\"Informaci\u00f3 Can Marlet Contacte Estem a la vostra disposici\u00f3 per a qualsevol consulta sense cap comprom\u00eds. Si ho desitges pots utilitzar el formulari i et respondrem el m\u00e9s aviat possible. Tel: 902 810 075 &#8211; 689 02 75 49 Can Marlet &#8211; Montseny Crta. de Breda a Riells, km. 6 ( Per Breda ) Riells ...\" \/>\n<meta property=\"og:url\" content=\"https:\/\/canmarlet.com\/ca\/contacte\/\" \/>\n<meta property=\"og:site_name\" content=\"Can Marlet\" \/>\n<meta property=\"article:modified_time\" content=\"2023-12-04T17:58:25+00:00\" \/>\n<meta property=\"og:image\" content=\"https:\/\/canmarlet.com\/wp-content\/uploads\/2023\/11\/Diseno-sin-titulo-19.jpg\" \/>\n\t<meta property=\"og:image:width\" content=\"1080\" \/>\n\t<meta property=\"og:image:height\" content=\"1080\" \/>\n\t<meta property=\"og:image:type\" content=\"image\/jpeg\" \/>\n<meta name=\"twitter:card\" content=\"summary_large_image\" \/>\n<meta name=\"twitter:label1\" content=\"Temps estimat de lectura\" \/>\n\t<meta name=\"twitter:data1\" content=\"3 minuts\" \/>\n<script type=\"application\/ld+json\" class=\"yoast-schema-graph\">{\"@context\":\"https:\/\/schema.org\",\"@graph\":[{\"@type\":\"WebPage\",\"@id\":\"https:\/\/canmarlet.com\/ca\/contacte\/\",\"url\":\"https:\/\/canmarlet.com\/ca\/contacte\/\",\"name\":\"Contacte - Can Marlet\",\"isPartOf\":{\"@id\":\"https:\/\/canmarlet.com\/ca\/#website\"},\"primaryImageOfPage\":{\"@id\":\"https:\/\/canmarlet.com\/ca\/contacte\/#primaryimage\"},\"image\":{\"@id\":\"https:\/\/canmarlet.com\/ca\/contacte\/#primaryimage\"},\"thumbnailUrl\":\"https:\/\/canmarlet.com\/wp-content\/uploads\/2023\/11\/Diseno-sin-titulo-19.jpg\",\"datePublished\":\"2022-04-05T13:54:45+00:00\",\"dateModified\":\"2023-12-04T17:58:25+00:00\",\"breadcrumb\":{\"@id\":\"https:\/\/canmarlet.com\/ca\/contacte\/#breadcrumb\"},\"inLanguage\":\"ca\",\"potentialAction\":[{\"@type\":\"ReadAction\",\"target\":[\"https:\/\/canmarlet.com\/ca\/contacte\/\"]}]},{\"@type\":\"ImageObject\",\"inLanguage\":\"ca\",\"@id\":\"https:\/\/canmarlet.com\/ca\/contacte\/#primaryimage\",\"url\":\"https:\/\/canmarlet.com\/wp-content\/uploads\/2023\/11\/Diseno-sin-titulo-19.jpg\",\"contentUrl\":\"https:\/\/canmarlet.com\/wp-content\/uploads\/2023\/11\/Diseno-sin-titulo-19.jpg\",\"width\":1080,\"height\":1080},{\"@type\":\"BreadcrumbList\",\"@id\":\"https:\/\/canmarlet.com\/ca\/contacte\/#breadcrumb\",\"itemListElement\":[{\"@type\":\"ListItem\",\"position\":1,\"name\":\"Home\",\"item\":\"https:\/\/canmarlet.com\/ca\/\"},{\"@type\":\"ListItem\",\"position\":2,\"name\":\"Contacte\"}]},{\"@type\":\"WebSite\",\"@id\":\"https:\/\/canmarlet.com\/ca\/#website\",\"url\":\"https:\/\/canmarlet.com\/ca\/\",\"name\":\"Can Marlet\",\"description\":\"Mas\u00eda para bodas en el Montseny\",\"publisher\":{\"@id\":\"https:\/\/canmarlet.com\/ca\/#organization\"},\"potentialAction\":[{\"@type\":\"SearchAction\",\"target\":{\"@type\":\"EntryPoint\",\"urlTemplate\":\"https:\/\/canmarlet.com\/ca\/?s={search_term_string}\"},\"query-input\":{\"@type\":\"PropertyValueSpecification\",\"valueRequired\":true,\"valueName\":\"search_term_string\"}}],\"inLanguage\":\"ca\"},{\"@type\":\"Organization\",\"@id\":\"https:\/\/canmarlet.com\/ca\/#organization\",\"name\":\"Can Marlet\",\"url\":\"https:\/\/canmarlet.com\/ca\/\",\"logo\":{\"@type\":\"ImageObject\",\"inLanguage\":\"ca\",\"@id\":\"https:\/\/canmarlet.com\/ca\/#\/schema\/logo\/image\/\",\"url\":\"https:\/\/canmarlet.com\/wp-content\/uploads\/2023\/10\/logo2.svg\",\"contentUrl\":\"https:\/\/canmarlet.com\/wp-content\/uploads\/2023\/10\/logo2.svg\",\"width\":487,\"height\":165,\"caption\":\"Can Marlet\"},\"image\":{\"@id\":\"https:\/\/canmarlet.com\/ca\/#\/schema\/logo\/image\/\"}}]}<\/script>\n<!-- \/ Yoast SEO plugin. -->","yoast_head_json":{"title":"Contacte - Can Marlet","robots":{"index":"index","follow":"follow","max-snippet":"max-snippet:-1","max-image-preview":"max-image-preview:large","max-video-preview":"max-video-preview:-1"},"canonical":"https:\/\/canmarlet.com\/ca\/contacte\/","og_locale":"ca_ES","og_type":"article","og_title":"Contacte - Can Marlet","og_description":"Informaci\u00f3 Can Marlet Contacte Estem a la vostra disposici\u00f3 per a qualsevol consulta sense cap comprom\u00eds. Si ho desitges pots utilitzar el formulari i et respondrem el m\u00e9s aviat possible. Tel: 902 810 075 &#8211; 689 02 75 49 Can Marlet &#8211; Montseny Crta. de Breda a Riells, km. 6 ( Per Breda ) Riells ...","og_url":"https:\/\/canmarlet.com\/ca\/contacte\/","og_site_name":"Can Marlet","article_modified_time":"2023-12-04T17:58:25+00:00","og_image":[{"width":1080,"height":1080,"url":"https:\/\/canmarlet.com\/wp-content\/uploads\/2023\/11\/Diseno-sin-titulo-19.jpg","type":"image\/jpeg"}],"twitter_card":"summary_large_image","twitter_misc":{"Temps estimat de lectura":"3 minuts"},"schema":{"@context":"https:\/\/schema.org","@graph":[{"@type":"WebPage","@id":"https:\/\/canmarlet.com\/ca\/contacte\/","url":"https:\/\/canmarlet.com\/ca\/contacte\/","name":"Contacte - Can Marlet","isPartOf":{"@id":"https:\/\/canmarlet.com\/ca\/#website"},"primaryImageOfPage":{"@id":"https:\/\/canmarlet.com\/ca\/contacte\/#primaryimage"},"image":{"@id":"https:\/\/canmarlet.com\/ca\/contacte\/#primaryimage"},"thumbnailUrl":"https:\/\/canmarlet.com\/wp-content\/uploads\/2023\/11\/Diseno-sin-titulo-19.jpg","datePublished":"2022-04-05T13:54:45+00:00","dateModified":"2023-12-04T17:58:25+00:00","breadcrumb":{"@id":"https:\/\/canmarlet.com\/ca\/contacte\/#breadcrumb"},"inLanguage":"ca","potentialAction":[{"@type":"ReadAction","target":["https:\/\/canmarlet.com\/ca\/contacte\/"]}]},{"@type":"ImageObject","inLanguage":"ca","@id":"https:\/\/canmarlet.com\/ca\/contacte\/#primaryimage","url":"https:\/\/canmarlet.com\/wp-content\/uploads\/2023\/11\/Diseno-sin-titulo-19.jpg","contentUrl":"https:\/\/canmarlet.com\/wp-content\/uploads\/2023\/11\/Diseno-sin-titulo-19.jpg","width":1080,"height":1080},{"@type":"BreadcrumbList","@id":"https:\/\/canmarlet.com\/ca\/contacte\/#breadcrumb","itemListElement":[{"@type":"ListItem","position":1,"name":"Home","item":"https:\/\/canmarlet.com\/ca\/"},{"@type":"ListItem","position":2,"name":"Contacte"}]},{"@type":"WebSite","@id":"https:\/\/canmarlet.com\/ca\/#website","url":"https:\/\/canmarlet.com\/ca\/","name":"Can Marlet","description":"Mas\u00eda para bodas en el Montseny","publisher":{"@id":"https:\/\/canmarlet.com\/ca\/#organization"},"potentialAction":[{"@type":"SearchAction","target":{"@type":"EntryPoint","urlTemplate":"https:\/\/canmarlet.com\/ca\/?s={search_term_string}"},"query-input":{"@type":"PropertyValueSpecification","valueRequired":true,"valueName":"search_term_string"}}],"inLanguage":"ca"},{"@type":"Organization","@id":"https:\/\/canmarlet.com\/ca\/#organization","name":"Can Marlet","url":"https:\/\/canmarlet.com\/ca\/","logo":{"@type":"ImageObject","inLanguage":"ca","@id":"https:\/\/canmarlet.com\/ca\/#\/schema\/logo\/image\/","url":"https:\/\/canmarlet.com\/wp-content\/uploads\/2023\/10\/logo2.svg","contentUrl":"https:\/\/canmarlet.com\/wp-content\/uploads\/2023\/10\/logo2.svg","width":487,"height":165,"caption":"Can Marlet"},"image":{"@id":"https:\/\/canmarlet.com\/ca\/#\/schema\/logo\/image\/"}}]}},"_links":{"self":[{"href":"https:\/\/canmarlet.com\/ca\/wp-json\/wp\/v2\/pages\/7856","targetHints":{"allow":["GET"]}}],"collection":[{"href":"https:\/\/canmarlet.com\/ca\/wp-json\/wp\/v2\/pages"}],"about":[{"href":"https:\/\/canmarlet.com\/ca\/wp-json\/wp\/v2\/types\/page"}],"author":[{"embeddable":true,"href":"https:\/\/canmarlet.com\/ca\/wp-json\/wp\/v2\/users\/2"}],"replies":[{"embeddable":true,"href":"https:\/\/canmarlet.com\/ca\/wp-json\/wp\/v2\/comments?post=7856"}],"version-history":[{"count":5,"href":"https:\/\/canmarlet.com\/ca\/wp-json\/wp\/v2\/pages\/7856\/revisions"}],"predecessor-version":[{"id":7931,"href":"https:\/\/canmarlet.com\/ca\/wp-json\/wp\/v2\/pages\/7856\/revisions\/7931"}],"wp:featuredmedia":[{"embeddable":true,"href":"https:\/\/canmarlet.com\/ca\/wp-json\/wp\/v2\/media\/7782"}],"wp:attachment":[{"href":"https:\/\/canmarlet.com\/ca\/wp-json\/wp\/v2\/media?parent=7856"}],"curies":[{"name":"wp","href":"https:\/\/api.w.org\/{rel}","templated":true}]}}